{"id":18,"date":"2024-12-28T15:23:23","date_gmt":"2024-12-28T15:23:23","guid":{"rendered":"https:\/\/text.rezentinox.de\/?page_id=18"},"modified":"2026-01-03T23:16:28","modified_gmt":"2026-01-03T21:16:28","slug":"informationen-fuer-teilnehmer-innen","status":"publish","type":"page","link":"https:\/\/wortpiraten.de\/?page_id=18","title":{"rendered":"Informationen f\u00fcr Teilnehmende"},"content":{"rendered":"\n<p class=\"has-small-font-size\"><a href=\"https:\/\/wortpiraten.de\/wp-content\/uploads\/2026\/01\/Informationen-fuer-Teilnehmer-2026.pdf\" title=\"\"><font color=\"blue\">Diese Information als .pdf anzeigen<\/font><\/a><\/p>\n\n\n\n<p>Willkommen! Wir freuen uns, dass du an dem Jugendliteraturwettbewerb 2026 des Literaturcaf\u00e9s in Troisdorf teilnimmst.<\/p>\n\n\n\n<p>Lass deiner <em>Kreativit\u00e4t<\/em> freien Lauf und schicke uns einen Text. Es gibt so viele M\u00f6glichkeiten, solange du darstellst, was du hast oder was du nciht hast.<\/p>\n\n\n\n<p>Vielleicht hilft dir ja folgendes Schaubild. Hast du schon Ideen?<\/p>\n\n\n<p>&nbsp;<\/p>\n<table border=\"5\">\n<tbody>\n<tr>\n<td><img loading=\"lazy\" decoding=\"async\" class=\"alignnone  wp-image-574\" src=\"https:\/\/wortpiraten.de\/wp-content\/uploads\/2026\/01\/ich_habe-300x172.jpg\" alt=\"\" width=\"698\" height=\"400\" srcset=\"https:\/\/wortpiraten.de\/wp-content\/uploads\/2026\/01\/ich_habe-300x172.jpg 300w, https:\/\/wortpiraten.de\/wp-content\/uploads\/2026\/01\/ich_habe-1024x586.jpg 1024w, https:\/\/wortpiraten.de\/wp-content\/uploads\/2026\/01\/ich_habe-768x440.jpg 768w, https:\/\/wortpiraten.de\/wp-content\/uploads\/2026\/01\/ich_habe.jpg 1209w\" sizes=\"auto, (max-width: 698px) 100vw, 698px\" \/><\/td>\n<\/tr>\n<\/tbody>\n<\/table>\n\n\n<p class=\"has-medium-font-size\"><small>Vielleicht f\u00e4llt dir ja auf, was du alles hast und was du alles nicht hast. Dann w\u00fcrde uns interessieren,wie sich die Situation f\u00fcr dich darstellt. Du kannst dich auch an ein paar der Fragen orientieren:<\/small> <\/p>\n\n\n\n<ul class=\"wp-block-list\">\n<li>Was haben andere und ich nicht?<\/li>\n\n\n\n<li>Was werde ich noch haben?<\/li>\n\n\n\n<li>Was bedeutet eigentlich haben?<\/li>\n\n\n\n<li>Was kann man nicht haben?<\/li>\n<\/ul>\n\n\n<p>&nbsp;<\/p>\n<p><!-- \/wp:post-content --><\/p>\n<p><center><img decoding=\"async\" src=\"https:\/\/wortpiraten.de\/wp-content\/uploads\/2025\/01\/sonne.png\"><\/center><\/p>\n<p>&nbsp;<\/p>\n<p><!-- wp:paragraph --><\/p>\n<p><!-- \/wp:paragraph --><\/p>\n<p><!-- wp:paragraph {\"fontSize\":\"medium\"} --><\/p>\n<p class=\"has-medium-font-size\"><small>Du kannst aber auch aus der Sicht eines Anderen schreiben:<\/small><\/p>\n<p><!-- \/wp:paragraph --><\/p>\n<p><!-- wp:paragraph {\"fontSize\":\"small\"} --><\/p>\n<p class=\"has-small-font-size\"><em>Ich erz\u00e4hle die Geschichte von Hans. Hans hatte keine Geduld, weil&#8230;<\/em><\/p>\n<p><!-- \/wp:paragraph --><\/p>\n<p><!-- wp:paragraph --><\/p>\n<p><!-- \/wp:paragraph --><\/p>\n<hr>\n<p><!-- wp:paragraph {\"fontSize\":\"medium\"} --><\/p>\n<p class=\"has-medium-font-size\"><small>Genauso wichtig die der Inhalt kann aber auch die Form des Textes sein. Einige Textformen haben wir dir hier einmal aufgelistet:<\/small><\/p>\n<p><!-- \/wp:paragraph --><\/p>\n<p><!-- wp:paragraph --><\/p>\n<p><!-- \/wp:paragraph --><\/p>\n<p><!-- wp:image {\"id\":54,\"sizeSlug\":\"large\",\"linkDestination\":\"none\"} --><\/p>\n<figure class=\"wp-block-image size-large\"><img decoding=\"async\" class=\"wp-image-54\" src=\"https:\/\/wortpiraten.de\/wp-content\/uploads\/2024\/12\/textkannsein.jpg\" alt=\"\"><\/figure>\n<p><!-- \/wp:image --><\/p>\n<p><!-- wp:paragraph --><\/p>\n<p><!-- \/wp:paragraph --><\/p>\n<p><!-- wp:paragraph {\"fontSize\":\"medium\"} --><\/p>\n<p class=\"has-medium-font-size\">Du kannst die Situation mit dem Handyspiel zum Beispiel als <strong>M<\/strong><strong>\u00e4<\/strong><strong>r<\/strong><strong>c<\/strong><strong>h<\/strong><strong>e<\/strong><strong>n<\/strong> formulieren:<\/p>\n<p><!-- \/wp:paragraph --><\/p>\n<p><!-- wp:paragraph {\"fontSize\":\"small\"} --><\/p>\n<p class=\"has-small-font-size\"><em>In einem weit entfernten Ort lebte einst ein M\u00e4dchen. Dieses M\u00e4dchen stand immer unter Strom. Sie hatte f\u00fcr Spiele oder die Schule keine Geduld&#8230;<\/em><\/p>\n<p><!-- \/wp:paragraph --><\/p>\n<p><!-- wp:paragraph {\"fontSize\":\"medium\"} --><\/p>\n<p class=\"has-medium-font-size\">oder als <em><strong>Gedicht<\/strong><\/em>:<\/p>\n<p><!-- \/wp:paragraph --><\/p>\n<p><!-- wp:paragraph {\"fontSize\":\"small\"} --><\/p>\n<p class=\"has-small-font-size\"><em>In Siegen sang Sepp Bieber, \/ der hatte immer Fieber &#8230;<\/em><\/p>\n<p><!-- \/wp:paragraph --><\/p>\n<p><!-- wp:paragraph {\"fontSize\":\"medium\"} --><\/p>\n<p class=\"has-medium-font-size\">oder als <strong>Dialog<\/strong>:<\/p>\n<p><!-- \/wp:paragraph --><\/p>\n<p><!-- wp:paragraph {\"fontSize\":\"small\"} --><\/p>\n<p class=\"has-small-font-size\"><em>[Zwei Kinder befinden sich im Textchat eines Handyspiels]<\/em><\/p>\n<p><!-- \/wp:paragraph --><\/p>\n<p><!-- wp:paragraph {\"fontSize\":\"small\"} --><\/p>\n<p class=\"has-small-font-size\"><em>Kind A: Hey, ich mag dich!<\/em><\/p>\n<p><!-- \/wp:paragraph --><\/p>\n<p><!-- wp:paragraph {\"fontSize\":\"small\"} --><\/p>\n<p class=\"has-small-font-size\"><em>Kind B: Danke! Das ist voll nett!<\/em><\/p>\n<p><!-- \/wp:paragraph --><\/p>\n<p><!-- wp:paragraph {\"fontSize\":\"small\"} --><\/p>\n<p class=\"has-small-font-size\"><em>Kind A. Ich wei\u00df! Ich habe eben ein Herz am rechten Fleck!<\/em><\/p>\n<p><!-- \/wp:paragraph --><\/p>\n<p><!-- wp:paragraph {\"fontSize\":\"small\"} --><\/p>\n<p class=\"has-small-font-size\"><em>Kind B: \u2026<\/em><\/p>\n<p><!-- \/wp:paragraph --><\/p>\n<p><!-- wp:paragraph --><\/p>\n<p><!-- \/wp:paragraph --><\/p>\n<p><!-- wp:paragraph --><\/p>\n<hr>\n<p><strong><span style=\"color: red;\"><b><big>A C H T U N G:<\/big><\/b><\/span><\/strong><\/p>\n<p><!-- \/wp:paragraph --><\/p>\n<p><!-- wp:paragraph {\"fontSize\":\"medium\"} --><br \/><strong><span style=\"font-size: xx-small;\">Nicht gut finden wir, &#8230;<\/span><\/strong><br \/><!-- \/wp:paragraph --><\/p>\n<p><!-- wp:paragraph {\"fontSize\":\"medium\"} --><\/p>\n<p>\u2026 wer Texte aus dem Internet (z.B. KI-basiert) kopiert oder nur leicht ab\u00e4ndert<br \/><!-- \/wp:paragraph --><\/p>\n<p><!-- wp:paragraph {\"fontSize\":\"medium\"} --><\/p>\n<p>\u2026 wessen Text beim Vorlesen l\u00e4nger als f\u00fcnf Minuten dauert<br \/><!-- \/wp:paragraph --><\/p>\n<p><!-- wp:paragraph {\"fontSize\":\"medium\"} --><\/p>\n<p>\u2026 wer einen Sachtext abgibt<br \/><!-- \/wp:paragraph --><\/p>\n<p><!-- wp:paragraph {\"fontSize\":\"medium\"} --><\/p>\n<p>\u2026 wessen Text nicht auf Deutsch formuliert ist<br \/><!-- \/wp:paragraph --><\/p>\n<p><!-- wp:paragraph --><\/p>\n<p><!-- \/wp:paragraph --><\/p>","protected":false},"excerpt":{"rendered":"<p>Diese Information als .pdf anzeigen Willkommen! Wir freuen uns, dass du an dem Jugendliteraturwettbewerb 2026 des Literaturcaf\u00e9s in Troisdorf teilnimmst. Lass deiner Kreativit\u00e4t freien Lauf und schicke uns einen Text. Es gibt so viele M\u00f6glichkeiten, solange du darstellst, was du hast oder was du nciht hast. Vielleicht hilft dir ja folgendes Schaubild. Hast du schon &hellip; <a href=\"https:\/\/wortpiraten.de\/?page_id=18\" class=\"more-link\"><span class=\"screen-reader-text\">Informationen f\u00fcr Teilnehmende<\/span> weiterlesen<\/a><\/p>\n","protected":false},"author":2,"featured_media":0,"parent":0,"menu_order":0,"comment_status":"closed","ping_status":"closed","template":"","meta":{"ngg_post_thumbnail":0,"footnotes":""},"class_list":["post-18","page","type-page","status-publish","hentry"],"aioseo_notices":[],"_links":{"self":[{"href":"https:\/\/wortpiraten.de\/index.php?rest_route=\/wp\/v2\/pages\/18","targetHints":{"allow":["GET"]}}],"collection":[{"href":"https:\/\/wortpiraten.de\/index.php?rest_route=\/wp\/v2\/pages"}],"about":[{"href":"https:\/\/wortpiraten.de\/index.php?rest_route=\/wp\/v2\/types\/page"}],"author":[{"embeddable":true,"href":"https:\/\/wortpiraten.de\/index.php?rest_route=\/wp\/v2\/users\/2"}],"replies":[{"embeddable":true,"href":"https:\/\/wortpiraten.de\/index.php?rest_route=%2Fwp%2Fv2%2Fcomments&post=18"}],"version-history":[{"count":47,"href":"https:\/\/wortpiraten.de\/index.php?rest_route=\/wp\/v2\/pages\/18\/revisions"}],"predecessor-version":[{"id":588,"href":"https:\/\/wortpiraten.de\/index.php?rest_route=\/wp\/v2\/pages\/18\/revisions\/588"}],"wp:attachment":[{"href":"https:\/\/wortpiraten.de\/index.php?rest_route=%2Fwp%2Fv2%2Fmedia&parent=18"}],"curies":[{"name":"wp","href":"https:\/\/api.w.org\/{rel}","templated":true}]}}